{"id":5621,"date":"2022-04-07T20:30:05","date_gmt":"2022-04-07T18:30:05","guid":{"rendered":"https:\/\/zenspot.homes\/?page_id=5621"},"modified":"2023-11-20T13:06:59","modified_gmt":"2023-11-20T12:06:59","slug":"hausordnung","status":"publish","type":"page","link":"https:\/\/stage.zenspot.homes\/de\/hausordnung\/","title":{"rendered":"Hausordnung"},"content":{"rendered":"\t\t<div data-elementor-type=\"wp-page\" data-elementor-id=\"5621\" class=\"elementor elementor-5621 elementor-2026\" data-elementor-post-type=\"page\">\n\t\t\t\t\t\t\t\t\t<section class=\"elementor-section elementor-top-section elementor-element elementor-element-83a1e19 elementor-section-stretched elementor-section-boxed elementor-section-height-default elementor-section-height-default\" data-id=\"83a1e19\" data-element_type=\"section\" data-settings=\"{&quot;stretch_section&quot;:&quot;section-stretched&quot;,&quot;background_background&quot;:&quot;classic&quot;}\">\n\t\t\t\t\t\t<div class=\"elementor-container elementor-column-gap-default\">\n\t\t\t\t\t<div class=\"elementor-column elementor-col-100 elementor-top-column elementor-element elementor-element-52d295a elementor-invisible\" data-id=\"52d295a\" data-element_type=\"column\" data-settings=\"{&quot;background_background&quot;:&quot;classic&quot;,&quot;animation&quot;:&quot;fadeInLeft&quot;}\">\n\t\t\t<div class=\"elementor-widget-wrap elementor-element-populated\">\n\t\t\t\t\t\t\t\t<div class=\"elementor-element elementor-element-0df1b20 elementor-widget elementor-widget-heading\" data-id=\"0df1b20\" data-element_type=\"widget\" data-widget_type=\"heading.default\">\n\t\t\t\t<div class=\"elementor-widget-container\">\n\t\t\t<style>\/*! elementor - v3.18.0 - 08-12-2023 *\/\n.elementor-heading-title{padding:0;margin:0;line-height:1}.elementor-widget-heading .elementor-heading-title[class*=elementor-size-]>a{color:inherit;font-size:inherit;line-height:inherit}.elementor-widget-heading .elementor-heading-title.elementor-size-small{font-size:15px}.elementor-widget-heading .elementor-heading-title.elementor-size-medium{font-size:19px}.elementor-widget-heading .elementor-heading-title.elementor-size-large{font-size:29px}.elementor-widget-heading .elementor-heading-title.elementor-size-xl{font-size:39px}.elementor-widget-heading .elementor-heading-title.elementor-size-xxl{font-size:59px}<\/style><h1 class=\"elementor-heading-title elementor-size-default\">Hausordnung<\/h1>\t\t<\/div>\n\t\t\t\t<\/div>\n\t\t\t\t<div class=\"elementor-element elementor-element-00a8348 elementor-widget-divider--view-line elementor-widget elementor-widget-divider\" data-id=\"00a8348\" data-element_type=\"widget\" data-widget_type=\"divider.default\">\n\t\t\t\t<div class=\"elementor-widget-container\">\n\t\t\t<style>\/*! elementor - v3.18.0 - 08-12-2023 *\/\n.elementor-widget-divider{--divider-border-style:none;--divider-border-width:1px;--divider-color:#0c0d0e;--divider-icon-size:20px;--divider-element-spacing:10px;--divider-pattern-height:24px;--divider-pattern-size:20px;--divider-pattern-url:none;--divider-pattern-repeat:repeat-x}.elementor-widget-divider .elementor-divider{display:flex}.elementor-widget-divider .elementor-divider__text{font-size:15px;line-height:1;max-width:95%}.elementor-widget-divider .elementor-divider__element{margin:0 var(--divider-element-spacing);flex-shrink:0}.elementor-widget-divider .elementor-icon{font-size:var(--divider-icon-size)}.elementor-widget-divider .elementor-divider-separator{display:flex;margin:0;direction:ltr}.elementor-widget-divider--view-line_icon .elementor-divider-separator,.elementor-widget-divider--view-line_text .elementor-divider-separator{align-items:center}.elementor-widget-divider--view-line_icon .elementor-divider-separator:after,.elementor-widget-divider--view-line_icon .elementor-divider-separator:before,.elementor-widget-divider--view-line_text .elementor-divider-separator:after,.elementor-widget-divider--view-line_text .elementor-divider-separator:before{display:block;content:\"\";border-bottom:0;flex-grow:1;border-top:var(--divider-border-width) var(--divider-border-style) var(--divider-color)}.elementor-widget-divider--element-align-left .elementor-divider .elementor-divider-separator>.elementor-divider__svg:first-of-type{flex-grow:0;flex-shrink:100}.elementor-widget-divider--element-align-left .elementor-divider-separator:before{content:none}.elementor-widget-divider--element-align-left .elementor-divider__element{margin-left:0}.elementor-widget-divider--element-align-right .elementor-divider .elementor-divider-separator>.elementor-divider__svg:last-of-type{flex-grow:0;flex-shrink:100}.elementor-widget-divider--element-align-right .elementor-divider-separator:after{content:none}.elementor-widget-divider--element-align-right .elementor-divider__element{margin-right:0}.elementor-widget-divider:not(.elementor-widget-divider--view-line_text):not(.elementor-widget-divider--view-line_icon) .elementor-divider-separator{border-top:var(--divider-border-width) var(--divider-border-style) var(--divider-color)}.elementor-widget-divider--separator-type-pattern{--divider-border-style:none}.elementor-widget-divider--separator-type-pattern.elementor-widget-divider--view-line .elementor-divider-separator,.elementor-widget-divider--separator-type-pattern:not(.elementor-widget-divider--view-line) .elementor-divider-separator:after,.elementor-widget-divider--separator-type-pattern:not(.elementor-widget-divider--view-line) .elementor-divider-separator:before,.elementor-widget-divider--separator-type-pattern:not([class*=elementor-widget-divider--view]) .elementor-divider-separator{width:100%;min-height:var(--divider-pattern-height);-webkit-mask-size:var(--divider-pattern-size) 100%;mask-size:var(--divider-pattern-size) 100%;-webkit-mask-repeat:var(--divider-pattern-repeat);mask-repeat:var(--divider-pattern-repeat);background-color:var(--divider-color);-webkit-mask-image:var(--divider-pattern-url);mask-image:var(--divider-pattern-url)}.elementor-widget-divider--no-spacing{--divider-pattern-size:auto}.elementor-widget-divider--bg-round{--divider-pattern-repeat:round}.rtl .elementor-widget-divider .elementor-divider__text{direction:rtl}.e-con-inner>.elementor-widget-divider,.e-con>.elementor-widget-divider{width:var(--container-widget-width,100%);--flex-grow:var(--container-widget-flex-grow)}<\/style>\t\t<div class=\"elementor-divider\">\n\t\t\t<span class=\"elementor-divider-separator\">\n\t\t\t\t\t\t<\/span>\n\t\t<\/div>\n\t\t\t\t<\/div>\n\t\t\t\t<\/div>\n\t\t\t\t<div class=\"elementor-element elementor-element-2a0178f elementor-widget elementor-widget-text-editor\" data-id=\"2a0178f\" data-element_type=\"widget\" data-widget_type=\"text-editor.default\">\n\t\t\t\t<div class=\"elementor-widget-container\">\n\t\t\t<style>\/*! elementor - v3.18.0 - 08-12-2023 *\/\n.elementor-widget-text-editor.elementor-drop-cap-view-stacked .elementor-drop-cap{background-color:#69727d;color:#fff}.elementor-widget-text-editor.elementor-drop-cap-view-framed .elementor-drop-cap{color:#69727d;border:3px solid;background-color:transparent}.elementor-widget-text-editor:not(.elementor-drop-cap-view-default) .elementor-drop-cap{margin-top:8px}.elementor-widget-text-editor:not(.elementor-drop-cap-view-default) .elementor-drop-cap-letter{width:1em;height:1em}.elementor-widget-text-editor .elementor-drop-cap{float:left;text-align:center;line-height:1;font-size:50px}.elementor-widget-text-editor .elementor-drop-cap-letter{display:inline-block}<\/style>\t\t\t\t<p>Um Ihnen den Aufenthalt in unseren Mobilheimen Zen Spot so angenehm wie m\u00f6glich zu gestalten und m\u00f6gliche Unannehmlichkeiten oder Fehler zu vermeiden, lesen Sie bitte diese Hausordnung. Durch die Best\u00e4tigung Ihrer Reservierung wird davon ausgegangen, dass Sie diese Hausordnung kennen, dieser zustimmen und Sie diese vollst\u00e4ndig einhalten werden. Ein Versto\u00df gegen die Hausordnung kann zur Stornierung der Reservierung f\u00fchren. In diesem Fall wird der volle Preis der Unterkunft f\u00e4llig, ungeachtet der Tatsache, dass der Aufenthalt verk\u00fcrzt wird.<\/p>\n<ul>\n<li aria-level=\"1\">Bei der Ankunft m\u00fcssen die G\u00e4ste ihre Personaldokumente (Reisepass oder Personalausweis) an der Rezeption des Campingplatz Jezera Lovi\u0161\u0107a vorlegen, damit sie in den Unterlagen der Kroatischen Zentrale f\u00fcr Tourismus registriert werden k\u00f6nnen. Die Personaldokumente werden innerhalb von 24 Stunden zur\u00fcckgegeben, der Gast kann sie aber auch f\u00fcr den Rest seines Aufenthaltes in der Rezeption hinterlegen. Der Campingplatz hat allerdings das Recht ein Dokument f\u00fcr die Dauer des Aufenthalts des Gastes auf dem Campingplatz aufzubewahren.<\/li>\n<li aria-level=\"1\">Wir bitten unsere G\u00e4ste zu beachten, dass unsere Mobilheime rauchfrei sind und dass das Rauchen von Zigaretten und anderen Tabakwaren nur auf der Terrasse des Mobilheims gestattet ist. Kindern und Minderj\u00e4hrigen ist der Konsum von Alkohol und Tabakwaren in den Mobilheimen in ganz Jezera Lovi\u0161\u0107a strengstens untersagt.<\/li>\n<li aria-level=\"1\">Die G\u00e4ste k\u00fcmmern sich um die Sauberkeit des Mobilheims. Zen Spot ist nicht verpflichtet, das Mobilheim w\u00e4hrend des gesamten Aufenthalts des Gastes zu reinigen und aufzur\u00e4umen oder den M\u00fcll zu entsorgen.<\/li>\n<li aria-level=\"1\">Zen Spot ist nicht verpflichtet K\u00fcchent\u00fccher, Putzmittel oder Hygieneartikel zur Verf\u00fcgung zu stellen.<\/li>\n<li aria-level=\"1\">Zen Spot stellt Ihnen gerne alle 7 Tage frische Bettw\u00e4sche und alle 4 Tage frische Handt\u00fccher zur Verf\u00fcgung, jedoch nur auf Wunsch des Gastes. Falls Sie einen h\u00e4ufigeren Wechsel w\u00fcnschen, so arrangieren wir diesen gerne gegen einen Aufpreis von 5 \u20ac f\u00fcr einen Satz Handt\u00fccher pro Person oder einen Satz Bettw\u00e4sche pro Person.<\/li>\n\n<li aria-level=\"1\">Das Personal von Zen Spot ist nicht berechtigt, das Mobilheim w\u00e4hrend der Abwesenheit des Gastes zu betreten, es sei denn, dies wurde mit dem Gast im Voraus vereinbart, oder um Sch\u00e4den oder Gefahren zu vermeiden, die am\/im Mobilheim auftreten k\u00f6nnen. In diesem Fall ist der Gast unverz\u00fcglich nach der R\u00fcckkehr in die Unterkunftseinheit zu informieren. Wenn Zen Spot aus irgendeinem Grund der Ansicht ist, dass die Hausordnung nicht eingehalten wurde, ist der Gast verpflichtet, den Mitarbeitern von Zen Spot, den Zutritt zur Unterkunftseinheit zu gestatten, um dies zu \u00fcberpr\u00fcfen.<\/li>\n<li aria-level=\"1\">Die G\u00e4ste sind verpflichtet, auf ihre pers\u00f6nlichen Gegenst\u00e4nde und Wertsachen in der Wohneinheit aufzupassen. Zen Spot \u00fcbernimmt keine Haftung f\u00fcr das Verschwinden von pers\u00f6nlichen Gegenst\u00e4nden oder Wertsachen. Daher wird den G\u00e4sten empfohlen, jedes Mal, wenn sie das Mobilheim verlassen, die T\u00fcren und Fenster zu schlie\u00dfen bzw. zu verriegeln. Weiterhin wird dem Gast empfohlen, wertvolle Gegenst\u00e4nde oder Dokumente im Safe an der Camp Jezera Lovi\u0161\u0107a Rezeption aufzubewahren, was ein kostenloser Service f\u00fcr unsere G\u00e4ste ist.<\/li>\n<li aria-level=\"1\">\n<p>Das Mitbringen und Aufbewahren von Waffen im Wohnmobil, sowie von nicht brennbaren und explosiven Stoffen, Produkten mit starken und unangenehmen Geruch, Drogen und gesetzlich verbotenen Substanzen ist nicht gestattet. Das Anz\u00fcnden eines Feuers auf dem Campinggel\u00e4nde ist gesetzlich verboten.<\/p>\n<\/li>\n<li aria-level=\"1\">Beim Verlassen des Mobilheims werden die G\u00e4ste gebeten, das Licht und die Elektroger\u00e4te sowie das Gas und das Wasser auszuschalten. Das K\u00fchlen von Speisen und Getr\u00e4nken mit flie\u00dfendem Leitungswasser ist nicht gestattet. Es ist verboten Abf\u00e4lle in Toiletten, Waschbecken und dergleichen zu entsorgen, auch au\u00dferhalb des Mobilheims oder in dessen N\u00e4he, au\u00dfer in den daf\u00fcr vorgesehenen Beh\u00e4ltern\/Containern.<\/li>\n<li aria-level=\"1\">Die G\u00e4ste werden gebeten, die Unterkunftseinheit und die M\u00f6bel innerhalb und au\u00dferhalb der Unterkunftseinheit sorgf\u00e4ltig zu behandeln. M\u00f6bel und andere Gegenst\u00e4nde d\u00fcrfen nicht in ein anderes Mobilheim, auf die Terrasse oder an den Strand gebracht werden (z.B. Besteck in eine andere Wohneinheit, Handt\u00fccher oder eine Decke an den Strand, &#8230;), mit Ausnahme von Tischen und St\u00fchlen, die auf die Terrasse getragen werden k\u00f6nnen.<\/li>\n<li aria-level=\"1\">Wir bitten unsere G\u00e4ste, andere G\u00e4ste in der Anlage zwischen 21:00 und 08:00 Uhr nicht zu st\u00f6ren. Die Schleuse am Eingang des Lagers ist zwischen 24:00 und 7:00 Uhr geschlossen. Die H\u00f6chstgeschwindigkeit f\u00fcr Fahrzeuge betr\u00e4gt 20 km\/h.<\/li>\n<li aria-level=\"1\">\n<p>Ein Gast, der vors\u00e4tzlich oder unabsichtlich Eigentum besch\u00e4digt, muss den vollen Betrag des Schadens an den Anbieter zahlen. Zen Spot kann vom Gast verlangen, bis zum Tag der Abreise eine Kaution f\u00fcr eventuelle Sch\u00e4den zu hinterlegen. Die Kaution wird dem Gast bei der Abreise vollst\u00e4ndig zur\u00fcckerstattet, wenn der Schaden am Mobilheim nicht durch den Gast verursacht wurde oder wenn der Gast das Mobilheim im selben Zustand hinterl\u00e4sst, in dem er es \u00fcbernommen hat.<\/p>\n<\/li>\n<li aria-level=\"1\">Am Abreisetag m\u00fcssen die G\u00e4ste das Mobilheim bis sp\u00e4testens 10:00 Uhr verlassen, damit es f\u00fcr die Ankunft der n\u00e4chsten G\u00e4ste um 15:00 Uhr hergerichtet werden kann. Die G\u00e4ste sind verpflichtet, das Mobilheim im selben Zustand zu hinterlassen, in dem sie es \u00fcbernommen haben, d.h. ordentlich und unbesch\u00e4digt.<\/li>\n<li aria-level=\"1\">Haustiere sind nur mit Genehmigung des Anbieters erlaubt. Haustiere sind ohne vorherige Ank\u00fcndigung nicht erlaubt und in diesem Fall hat der Anbieter das Recht, die Buchung zu stornieren. Die G\u00e4ste sind verpflichtet, ein spezielles Bett oder eine Decke f\u00fcr ihr Haustier mitzubringen, um die M\u00f6bel im Mobilheim zu sch\u00fctzen. Die G\u00e4ste haften f\u00fcr alle Sch\u00e4den, die durch ihre Haustiere verursacht werden, und verpflichten sich, deren Kot innerhalb, au\u00dferhalb und in der N\u00e4he des Mobilheims zu entfernen, sowie auch auf am Strand. Wenn vereinbart wurde, dass sich die Haustiere au\u00dferhalb des Mobilheims aufhalten, d\u00fcrfen die G\u00e4ste die Haustiere nicht ins Mobilheim lassen.<\/li>\n<li aria-level=\"1\">Wir verstehen, dass es bei der Verwendung eines Grills trotz aller Vorsicht vorkommen kann, dass das Fett herumspritzt. Benutzen Sie den Grill daher bitte nur im daf\u00fcr vorgesehenen Bereich.<\/li>\n<li aria-level=\"1\">Zen Spot oder Jezera Lovi\u0161\u0107a k\u00f6nnen eine Reservierung vorzeitig stornieren, wenn der Gast die Hausordnung nicht einh\u00e4lt. In diesem Fall zahlt der Gast den vollen Betrag der Reservierung, ungeachtet der Tatsache, dass der Aufenthalt verk\u00fcrzt wird.<\/li>\n<li aria-level=\"1\">Die G\u00e4ste werden gebeten, keine Speisen oder Getr\u00e4nke in die Schlafzimmer zu bringen.<\/li>\n<li aria-level=\"1\">Im Preis f\u00fcr die Anmietung eines Mobilheims ist ein Stellplatz f\u00fcr 1 Auto enthalten. Das Auto muss auf dem Grundst\u00fcck des gemieteten Mobilheims geparkt werden. Wird das Auto au\u00dferhalb des zugewiesenen Stellplatzes des Mobilheims geparkt, berechnet der Campingplatz 50 \u20ac pro Tag. Ein Stellplatz f\u00fcr ein weiteres Auto ist gem\u00e4\u00df der Preisliste des Campingplatzes zu bezahlen. Das Autowaschen ist auf dem gesamten Campingplatz verboten. Das Waschen von Autos ist im gesamten Camp verboten.<\/li>\n<li aria-level=\"1\">Bei der Anmeldung an der Rezeption des Camps erh\u00e4lt der Gast eine Schl\u00fcsselkarte (Keycard) f\u00fcr sein Fahrzeug, mit der er das Camp betreten und verlassen kann. Die Weitergabe der Karte an Dritte zur Nutzung ist strengstens untersagt.<\/li>\n<li aria-level=\"1\">Nur Personen, die sich an der Rezeption des Camps angemeldet haben, d\u00fcrfen sich im oder au\u00dferhalb des Mobilheims aufhalten. Wenn Zen Spot oder Camp Jezera Lovi\u0161\u0107a bei der Kontrolle nicht registrierte Personen finden, muss der Mieter des Mobilheims Zen Spot d.o.o. eine Geldstrafe von 500 \u20ac pro Person f\u00fcr eine nicht registrierte Person zahlen, und gleichzeitig wird die nicht registrierte Person aus dem Camp entfernt. Gleichzeitig hat Zen Spot das Recht, die Reservierung ohne R\u00fcckerstattung zu stornieren.<\/li>\n<li aria-level=\"1\">Au\u00dfer den registrierten G\u00e4sten, ist es anderen Personen strengstens untersagt, innerhalb oder au\u00dferhalb des Mobilheims zu wohnen. Andernfalls hat Zen Spot das Recht, die Reservierung zu stornieren. Es ist nicht gestattet, Veranstaltungen oder Partys in den Mobilheimen zu organisieren.<\/li>\n\n<li aria-level=\"1\">Mit dem Beginn der Nutzung der Unterkunftseinheit wird davon ausgegangen, dass der Gast die Hausordnung kennt und mit den AGB einverstanden ist. Jedes Problem, das nicht auf friedliche Weise mit Zen Spot oder den Verantwortlichen im Jezera Lovi\u0161\u0107a gel\u00f6st werden kann, kann zur Einschaltung der Polizei oder des Gerichts in Zadar f\u00fchren. Die Beschwerde ist nur g\u00fcltig, wenn der Gast die Rezeption von Zen Spot oder Jezera Lovi\u0161\u0107a unverz\u00fcglich nach Auftreten des Grundes der Beschwerde benachrichtigt und die Beschwerde nicht innerhalb einer angemessenen Frist gel\u00f6st wurde. Wurde die Ursache der Beanstandung nicht vor Ort behoben, hat der Gast das Recht auf eine schriftliche Beanstandung, die innerhalb von 15 Tagen nach Aufenthaltsende an den Anbieter zu richten ist. Sp\u00e4tere Reklamationen werden nicht ber\u00fccksichtigt.<\/li>\n<\/ul>\n<p>Im Falle einer Beschwerde kann sich der Gast an die Rezeption des Jezera Lovi\u0161\u0107a oder an den Anbieter unter der folgenden Adresse wenden:<\/p>\n<p>Zen Spot d.o.o.<br>Savska cesta 84<br>10360 Sesvete (Grad Zagreb)<br>HRVATSKA<br>Tel. <a href=\"tel:0038640501574\">+386 (0) 40 501 574<\/a> (WhatsApp, Viber)<br><a href=\"mailto:info@zenspot.homes\">info@zenspot.homes<\/a><\/p>\n<p><em>Das gesamte Team von Zen Spot w\u00fcnscht Ihnen einen angenehmen Aufenthalt in unseren Mobilheimen.<\/em><\/p>\n<div>&nbsp;<\/div>\n<div>&nbsp;<\/div>\n<p>Lovi\u0161\u0107a<\/p>\n<p>Lovi\u0161\u0107a<\/p>\t\t\t\t\t\t<\/div>\n\t\t\t\t<\/div>\n\t\t\t\t\t<\/div>\n\t\t<\/div>\n\t\t\t\t\t\t\t<\/div>\n\t\t<\/section>\n\t\t\t\t\t\t\t<\/div>\n\t\t","protected":false},"excerpt":{"rendered":"<p>Hausordnung Um Ihnen den Aufenthalt in unseren Mobilheimen Zen Spot so angenehm wie m\u00f6glich zu gestalten und m\u00f6gliche Unannehmlichkeiten oder Fehler zu vermeiden, lesen Sie bitte diese Hausordnung. Durch die Best\u00e4tigung Ihrer Reservierung wird davon ausgegangen, dass Sie diese Hausordnung kennen, dieser zustimmen und Sie diese vollst\u00e4ndig einhalten werden. Ein Versto\u00df gegen die Hausordnung kann [&hellip;]<\/p>\n","protected":false},"author":1,"featured_media":0,"parent":0,"menu_order":0,"comment_status":"closed","ping_status":"closed","template":"elementor_header_footer","meta":{"footnotes":""},"yoast_head":"<!-- This site is optimized with the Yoast SEO plugin v21.7 - https:\/\/yoast.com\/wordpress\/plugins\/seo\/ -->\n<title>Hausordnung - Zen Spot Mobile Homes<\/title>\n<meta name=\"robots\" content=\"noindex, follow, max-snippet:-1, max-image-preview:large, max-video-preview:-1\" \/>\n<meta property=\"og:locale\" content=\"de_DE\" \/>\n<meta property=\"og:type\" content=\"article\" \/>\n<meta property=\"og:title\" content=\"Hausordnung - Zen Spot Mobile Homes\" \/>\n<meta property=\"og:description\" content=\"Hausordnung Um Ihnen den Aufenthalt in unseren Mobilheimen Zen Spot so angenehm wie m\u00f6glich zu gestalten und m\u00f6gliche Unannehmlichkeiten oder Fehler zu vermeiden, lesen Sie bitte diese Hausordnung. Durch die Best\u00e4tigung Ihrer Reservierung wird davon ausgegangen, dass Sie diese Hausordnung kennen, dieser zustimmen und Sie diese vollst\u00e4ndig einhalten werden. Ein Versto\u00df gegen die Hausordnung kann [&hellip;]\" \/>\n<meta property=\"og:url\" content=\"https:\/\/stage.zenspot.homes\/de\/hausordnung\/\" \/>\n<meta property=\"og:site_name\" content=\"Zen Spot Mobile Homes\" \/>\n<meta property=\"article:modified_time\" content=\"2023-11-20T12:06:59+00:00\" \/>\n<meta name=\"twitter:card\" content=\"summary_large_image\" \/>\n<meta name=\"twitter:label1\" content=\"Gesch\u00e4tzte Lesezeit\" \/>\n\t<meta name=\"twitter:data1\" content=\"8\u00a0Minuten\" \/>\n<script type=\"application\/ld+json\" class=\"yoast-schema-graph\">{\"@context\":\"https:\/\/schema.org\",\"@graph\":[{\"@type\":\"WebPage\",\"@id\":\"https:\/\/stage.zenspot.homes\/de\/hausordnung\/\",\"url\":\"https:\/\/stage.zenspot.homes\/de\/hausordnung\/\",\"name\":\"Hausordnung - Zen Spot Mobile Homes\",\"isPartOf\":{\"@id\":\"https:\/\/stage.zenspot.homes\/de\/#website\"},\"datePublished\":\"2022-04-07T18:30:05+00:00\",\"dateModified\":\"2023-11-20T12:06:59+00:00\",\"breadcrumb\":{\"@id\":\"https:\/\/stage.zenspot.homes\/de\/hausordnung\/#breadcrumb\"},\"inLanguage\":\"de\",\"potentialAction\":[{\"@type\":\"ReadAction\",\"target\":[\"https:\/\/stage.zenspot.homes\/de\/hausordnung\/\"]}]},{\"@type\":\"BreadcrumbList\",\"@id\":\"https:\/\/stage.zenspot.homes\/de\/hausordnung\/#breadcrumb\",\"itemListElement\":[{\"@type\":\"ListItem\",\"position\":1,\"name\":\"Home\",\"item\":\"https:\/\/stage.zenspot.homes\/de\/\"},{\"@type\":\"ListItem\",\"position\":2,\"name\":\"Hausordnung\"}]},{\"@type\":\"WebSite\",\"@id\":\"https:\/\/stage.zenspot.homes\/de\/#website\",\"url\":\"https:\/\/stage.zenspot.homes\/de\/\",\"name\":\"Zen Spot Mobile Homes\",\"description\":\"Zen Spot Mobile Homes\",\"publisher\":{\"@id\":\"https:\/\/stage.zenspot.homes\/de\/#organization\"},\"potentialAction\":[{\"@type\":\"SearchAction\",\"target\":{\"@type\":\"EntryPoint\",\"urlTemplate\":\"https:\/\/stage.zenspot.homes\/de\/?s={search_term_string}\"},\"query-input\":\"required name=search_term_string\"}],\"inLanguage\":\"de\"},{\"@type\":\"Organization\",\"@id\":\"https:\/\/stage.zenspot.homes\/de\/#organization\",\"name\":\"Zen Spot Mobile Homes\",\"url\":\"https:\/\/stage.zenspot.homes\/de\/\",\"logo\":{\"@type\":\"ImageObject\",\"inLanguage\":\"de\",\"@id\":\"https:\/\/stage.zenspot.homes\/de\/#\/schema\/logo\/image\/\",\"url\":\"https:\/\/stage.zenspot.homes\/wp-content\/uploads\/2022\/03\/ZEN-SPOT_sekundarni-logotip2.png\",\"contentUrl\":\"https:\/\/stage.zenspot.homes\/wp-content\/uploads\/2022\/03\/ZEN-SPOT_sekundarni-logotip2.png\",\"width\":350,\"height\":140,\"caption\":\"Zen Spot Mobile Homes\"},\"image\":{\"@id\":\"https:\/\/stage.zenspot.homes\/de\/#\/schema\/logo\/image\/\"}}]}<\/script>\n<!-- \/ Yoast SEO plugin. -->","yoast_head_json":{"title":"Hausordnung - Zen Spot Mobile Homes","robots":{"index":"noindex","follow":"follow","max-snippet":"max-snippet:-1","max-image-preview":"max-image-preview:large","max-video-preview":"max-video-preview:-1"},"og_locale":"de_DE","og_type":"article","og_title":"Hausordnung - Zen Spot Mobile Homes","og_description":"Hausordnung Um Ihnen den Aufenthalt in unseren Mobilheimen Zen Spot so angenehm wie m\u00f6glich zu gestalten und m\u00f6gliche Unannehmlichkeiten oder Fehler zu vermeiden, lesen Sie bitte diese Hausordnung. Durch die Best\u00e4tigung Ihrer Reservierung wird davon ausgegangen, dass Sie diese Hausordnung kennen, dieser zustimmen und Sie diese vollst\u00e4ndig einhalten werden. Ein Versto\u00df gegen die Hausordnung kann [&hellip;]","og_url":"https:\/\/stage.zenspot.homes\/de\/hausordnung\/","og_site_name":"Zen Spot Mobile Homes","article_modified_time":"2023-11-20T12:06:59+00:00","twitter_card":"summary_large_image","twitter_misc":{"Gesch\u00e4tzte Lesezeit":"8\u00a0Minuten"},"schema":{"@context":"https:\/\/schema.org","@graph":[{"@type":"WebPage","@id":"https:\/\/stage.zenspot.homes\/de\/hausordnung\/","url":"https:\/\/stage.zenspot.homes\/de\/hausordnung\/","name":"Hausordnung - Zen Spot Mobile Homes","isPartOf":{"@id":"https:\/\/stage.zenspot.homes\/de\/#website"},"datePublished":"2022-04-07T18:30:05+00:00","dateModified":"2023-11-20T12:06:59+00:00","breadcrumb":{"@id":"https:\/\/stage.zenspot.homes\/de\/hausordnung\/#breadcrumb"},"inLanguage":"de","potentialAction":[{"@type":"ReadAction","target":["https:\/\/stage.zenspot.homes\/de\/hausordnung\/"]}]},{"@type":"BreadcrumbList","@id":"https:\/\/stage.zenspot.homes\/de\/hausordnung\/#breadcrumb","itemListElement":[{"@type":"ListItem","position":1,"name":"Home","item":"https:\/\/stage.zenspot.homes\/de\/"},{"@type":"ListItem","position":2,"name":"Hausordnung"}]},{"@type":"WebSite","@id":"https:\/\/stage.zenspot.homes\/de\/#website","url":"https:\/\/stage.zenspot.homes\/de\/","name":"Zen Spot Mobile Homes","description":"Zen Spot Mobile Homes","publisher":{"@id":"https:\/\/stage.zenspot.homes\/de\/#organization"},"potentialAction":[{"@type":"SearchAction","target":{"@type":"EntryPoint","urlTemplate":"https:\/\/stage.zenspot.homes\/de\/?s={search_term_string}"},"query-input":"required name=search_term_string"}],"inLanguage":"de"},{"@type":"Organization","@id":"https:\/\/stage.zenspot.homes\/de\/#organization","name":"Zen Spot Mobile Homes","url":"https:\/\/stage.zenspot.homes\/de\/","logo":{"@type":"ImageObject","inLanguage":"de","@id":"https:\/\/stage.zenspot.homes\/de\/#\/schema\/logo\/image\/","url":"https:\/\/stage.zenspot.homes\/wp-content\/uploads\/2022\/03\/ZEN-SPOT_sekundarni-logotip2.png","contentUrl":"https:\/\/stage.zenspot.homes\/wp-content\/uploads\/2022\/03\/ZEN-SPOT_sekundarni-logotip2.png","width":350,"height":140,"caption":"Zen Spot Mobile Homes"},"image":{"@id":"https:\/\/stage.zenspot.homes\/de\/#\/schema\/logo\/image\/"}}]}},"_links":{"self":[{"href":"https:\/\/stage.zenspot.homes\/de\/wp-json\/wp\/v2\/pages\/5621"}],"collection":[{"href":"https:\/\/stage.zenspot.homes\/de\/wp-json\/wp\/v2\/pages"}],"about":[{"href":"https:\/\/stage.zenspot.homes\/de\/wp-json\/wp\/v2\/types\/page"}],"author":[{"embeddable":true,"href":"https:\/\/stage.zenspot.homes\/de\/wp-json\/wp\/v2\/users\/1"}],"replies":[{"embeddable":true,"href":"https:\/\/stage.zenspot.homes\/de\/wp-json\/wp\/v2\/comments?post=5621"}],"version-history":[{"count":21,"href":"https:\/\/stage.zenspot.homes\/de\/wp-json\/wp\/v2\/pages\/5621\/revisions"}],"predecessor-version":[{"id":9591,"href":"https:\/\/stage.zenspot.homes\/de\/wp-json\/wp\/v2\/pages\/5621\/revisions\/9591"}],"wp:attachment":[{"href":"https:\/\/stage.zenspot.homes\/de\/wp-json\/wp\/v2\/media?parent=5621"}],"curies":[{"name":"wp","href":"https:\/\/api.w.org\/{rel}","templated":true}]}}