{"id":5215,"date":"2022-04-07T20:30:05","date_gmt":"2022-04-07T18:30:05","guid":{"rendered":"https:\/\/zenspot.homes\/?page_id=5215"},"modified":"2023-11-20T13:06:05","modified_gmt":"2023-11-20T12:06:05","slug":"hisni-red","status":"publish","type":"page","link":"https:\/\/stage.zenspot.homes\/sl\/hisni-red\/","title":{"rendered":"Hi\u0161ni red"},"content":{"rendered":"\t\t<div data-elementor-type=\"wp-page\" data-elementor-id=\"5215\" class=\"elementor elementor-5215 elementor-2026\" data-elementor-post-type=\"page\">\n\t\t\t\t\t\t\t\t\t<section class=\"elementor-section elementor-top-section elementor-element elementor-element-83a1e19 elementor-section-stretched elementor-section-boxed elementor-section-height-default elementor-section-height-default\" data-id=\"83a1e19\" data-element_type=\"section\" data-settings=\"{&quot;stretch_section&quot;:&quot;section-stretched&quot;,&quot;background_background&quot;:&quot;classic&quot;}\">\n\t\t\t\t\t\t<div class=\"elementor-container elementor-column-gap-default\">\n\t\t\t\t\t<div class=\"elementor-column elementor-col-100 elementor-top-column elementor-element elementor-element-52d295a elementor-invisible\" data-id=\"52d295a\" data-element_type=\"column\" data-settings=\"{&quot;background_background&quot;:&quot;classic&quot;,&quot;animation&quot;:&quot;fadeInLeft&quot;}\">\n\t\t\t<div class=\"elementor-widget-wrap elementor-element-populated\">\n\t\t\t\t\t\t\t\t<div class=\"elementor-element elementor-element-0df1b20 elementor-widget elementor-widget-heading\" data-id=\"0df1b20\" data-element_type=\"widget\" data-widget_type=\"heading.default\">\n\t\t\t\t<div class=\"elementor-widget-container\">\n\t\t\t<style>\/*! elementor - v3.18.0 - 08-12-2023 *\/\n.elementor-heading-title{padding:0;margin:0;line-height:1}.elementor-widget-heading .elementor-heading-title[class*=elementor-size-]>a{color:inherit;font-size:inherit;line-height:inherit}.elementor-widget-heading .elementor-heading-title.elementor-size-small{font-size:15px}.elementor-widget-heading .elementor-heading-title.elementor-size-medium{font-size:19px}.elementor-widget-heading .elementor-heading-title.elementor-size-large{font-size:29px}.elementor-widget-heading .elementor-heading-title.elementor-size-xl{font-size:39px}.elementor-widget-heading .elementor-heading-title.elementor-size-xxl{font-size:59px}<\/style><h1 class=\"elementor-heading-title elementor-size-default\">Hi\u0161ni red<\/h1>\t\t<\/div>\n\t\t\t\t<\/div>\n\t\t\t\t<div class=\"elementor-element elementor-element-00a8348 elementor-widget-divider--view-line elementor-widget elementor-widget-divider\" data-id=\"00a8348\" data-element_type=\"widget\" data-widget_type=\"divider.default\">\n\t\t\t\t<div class=\"elementor-widget-container\">\n\t\t\t<style>\/*! elementor - v3.18.0 - 08-12-2023 *\/\n.elementor-widget-divider{--divider-border-style:none;--divider-border-width:1px;--divider-color:#0c0d0e;--divider-icon-size:20px;--divider-element-spacing:10px;--divider-pattern-height:24px;--divider-pattern-size:20px;--divider-pattern-url:none;--divider-pattern-repeat:repeat-x}.elementor-widget-divider .elementor-divider{display:flex}.elementor-widget-divider .elementor-divider__text{font-size:15px;line-height:1;max-width:95%}.elementor-widget-divider .elementor-divider__element{margin:0 var(--divider-element-spacing);flex-shrink:0}.elementor-widget-divider .elementor-icon{font-size:var(--divider-icon-size)}.elementor-widget-divider .elementor-divider-separator{display:flex;margin:0;direction:ltr}.elementor-widget-divider--view-line_icon .elementor-divider-separator,.elementor-widget-divider--view-line_text .elementor-divider-separator{align-items:center}.elementor-widget-divider--view-line_icon .elementor-divider-separator:after,.elementor-widget-divider--view-line_icon .elementor-divider-separator:before,.elementor-widget-divider--view-line_text .elementor-divider-separator:after,.elementor-widget-divider--view-line_text .elementor-divider-separator:before{display:block;content:\"\";border-bottom:0;flex-grow:1;border-top:var(--divider-border-width) var(--divider-border-style) var(--divider-color)}.elementor-widget-divider--element-align-left .elementor-divider .elementor-divider-separator>.elementor-divider__svg:first-of-type{flex-grow:0;flex-shrink:100}.elementor-widget-divider--element-align-left .elementor-divider-separator:before{content:none}.elementor-widget-divider--element-align-left .elementor-divider__element{margin-left:0}.elementor-widget-divider--element-align-right .elementor-divider .elementor-divider-separator>.elementor-divider__svg:last-of-type{flex-grow:0;flex-shrink:100}.elementor-widget-divider--element-align-right .elementor-divider-separator:after{content:none}.elementor-widget-divider--element-align-right .elementor-divider__element{margin-right:0}.elementor-widget-divider:not(.elementor-widget-divider--view-line_text):not(.elementor-widget-divider--view-line_icon) .elementor-divider-separator{border-top:var(--divider-border-width) var(--divider-border-style) var(--divider-color)}.elementor-widget-divider--separator-type-pattern{--divider-border-style:none}.elementor-widget-divider--separator-type-pattern.elementor-widget-divider--view-line .elementor-divider-separator,.elementor-widget-divider--separator-type-pattern:not(.elementor-widget-divider--view-line) .elementor-divider-separator:after,.elementor-widget-divider--separator-type-pattern:not(.elementor-widget-divider--view-line) .elementor-divider-separator:before,.elementor-widget-divider--separator-type-pattern:not([class*=elementor-widget-divider--view]) .elementor-divider-separator{width:100%;min-height:var(--divider-pattern-height);-webkit-mask-size:var(--divider-pattern-size) 100%;mask-size:var(--divider-pattern-size) 100%;-webkit-mask-repeat:var(--divider-pattern-repeat);mask-repeat:var(--divider-pattern-repeat);background-color:var(--divider-color);-webkit-mask-image:var(--divider-pattern-url);mask-image:var(--divider-pattern-url)}.elementor-widget-divider--no-spacing{--divider-pattern-size:auto}.elementor-widget-divider--bg-round{--divider-pattern-repeat:round}.rtl .elementor-widget-divider .elementor-divider__text{direction:rtl}.e-con-inner>.elementor-widget-divider,.e-con>.elementor-widget-divider{width:var(--container-widget-width,100%);--flex-grow:var(--container-widget-flex-grow)}<\/style>\t\t<div class=\"elementor-divider\">\n\t\t\t<span class=\"elementor-divider-separator\">\n\t\t\t\t\t\t<\/span>\n\t\t<\/div>\n\t\t\t\t<\/div>\n\t\t\t\t<\/div>\n\t\t\t\t<div class=\"elementor-element elementor-element-2a0178f elementor-widget elementor-widget-text-editor\" data-id=\"2a0178f\" data-element_type=\"widget\" data-widget_type=\"text-editor.default\">\n\t\t\t\t<div class=\"elementor-widget-container\">\n\t\t\t<style>\/*! elementor - v3.18.0 - 08-12-2023 *\/\n.elementor-widget-text-editor.elementor-drop-cap-view-stacked .elementor-drop-cap{background-color:#69727d;color:#fff}.elementor-widget-text-editor.elementor-drop-cap-view-framed .elementor-drop-cap{color:#69727d;border:3px solid;background-color:transparent}.elementor-widget-text-editor:not(.elementor-drop-cap-view-default) .elementor-drop-cap{margin-top:8px}.elementor-widget-text-editor:not(.elementor-drop-cap-view-default) .elementor-drop-cap-letter{width:1em;height:1em}.elementor-widget-text-editor .elementor-drop-cap{float:left;text-align:center;line-height:1;font-size:50px}.elementor-widget-text-editor .elementor-drop-cap-letter{display:inline-block}<\/style>\t\t\t\t<p>Z namenom, da bi bilo va\u0161e bivanje v na\u0161ih Zen Spot mobilnih hi\u0161kah \u010dim bolj prijetno in, da se prepre\u010dijo morebitne nev\u0161e\u010dnosti oziroma zmote, prosimo, da preberete pravila hi\u0161nega reda. Ob potrditvi rezervacije se \u0161teje, da ste s temi pravili seznanjeni, da z njimi sogla\u0161ate in, da jih boste popolnoma upo\u0161tevali. Kr\u0161itev hi\u0161nega reda lahko ima za posledico odpoved rezervacije s pla\u010dilom polne cene nastanitve ne glede na to, da bo bivanje skraj\u0161ano<\/p>\n<ul>\n<li aria-level=\"1\">Ob prihodu morajo vsi gostje na recepciji turisti\u010dnega naselja Jezera Lovi\u0161\u0107a izro\u010diti svoje osebne dokumente (potni list ali osebno izkaznico) zaradi vpisa v evidenco Turisti\u010dne skupnosti. Dokumenti bodo vrnjeni v roku 24 ur, lahko pa jih gost tudi odda v hrambo do konca svojega bivanja. Kamp ima pravico, da se odlo\u010di in zadr\u017ei en dokument za \u010das va\u0161ega bivanja v kampu.<\/li>\n<li aria-level=\"1\">Goste prosimo, da upo\u0161tevajo, da so na\u0161e mobilne hi\u0161ice za nekadilce in, da je kajenje cigaret in drugih toba\u010dnih izdelkov dovoljeno izklju\u010dno na terasi mobilne hi\u0161ice. Otrokom in mladoletnikom je v mobilni hi\u0161ici v naselju Jezera Lovi\u0161\u0107a strogo prepovedano u\u017eivanje alkohola in toba\u010dnih izdelkov.&nbsp;<\/li>\n<li aria-level=\"1\">Gostje skrbijo za \u010disto\u010do mobilne hi\u0161ice. Zen Spot ni dol\u017ean \u010distiti in pospravljati, kakor tudi ne odna\u0161ati smeti v \u010dasu celotnega bivanja gosta.<\/li>\n<li aria-level=\"1\">Zen Spot ni obvezan dati na voljo kuhinjskih krp, \u010distilnih proizvodov in zagotavljati higienskih sredstev.<\/li>\n<li aria-level=\"1\">Zen Spot bo z veseljem vsakih 7 dni priskrbel sve\u017eo posteljnino in vsake 4 dni sve\u017ee brisa\u010de, vendar bo to storil le na zahtevo gosta. \u010ce \u017eelite bolj pogosto zamenjavo to z veseljem uredimo ob dopla\u010dilu 5 \u20ac za komplet brisa\u010d za eno osebo ali komplet posteljnine za eno osebo.<\/li>\n\n<li aria-level=\"1\">Osebje Zen Spota ni upravi\u010deno vstopiti v mobilno hi\u0161ico, ko je gost odsoten, razen \u010de se tako dogovori z gostom, ali zaradi prepre\u010devanja \u0161kode oz. nevarnosti, ki bi lahko nastala na\/v mobilni hi\u0161ici. V tem primeru mora gost biti o tem obve\u0161\u010den takoj, ko se vrne v namestitveno enoto. \u010ce Zen Spot iz kakr\u0161nega koli razloga meni, da pravila hi\u0161nega reda niso upo\u0161tevana, je gost osebju Zen Spot dol\u017ean omogo\u010diti vhod v namestitveno enoto z namenom, da se navedeno preveri.&nbsp;<\/li>\n<li aria-level=\"1\">Gostje so dol\u017eni skrbeti za svoje osebne stvari in dragocene predmete v namestitveni enoti. Zen Spot ne bo odgovarjal v primeru, \u010de izginejo osebni predmeti ali dragocenosti. Zato gostom svetujemo, da vedno, ko zapu\u0161\u010dajo mobilno hi\u0161ico, zaprejo\/zaklenejo vrata in okna, dragocene predmete ali dokumente pa shranijo v sef v recepciji naselja Jezera Lovi\u0161\u0107a, kar je za goste brezpla\u010dna storitev.<\/li>\n<li aria-level=\"1\">Ni dovoljeno vna\u0161ati in hraniti oro\u017eja v mobilni hi\u0161ici, kakor tudi ne vnetljivih in eksplozivnih snovi, proizvodov z mo\u010dnim in neprijetnim vonjem ter z zakonom prepovedanih drog in sredstev. Kjerkoli v kampu je zaradi nevarnosti po\u017eara po zakonu prepovedano pri\u017eiganje ognja.<\/li>\n<li aria-level=\"1\">Goste prosimo, da ko zapustijo hi\u0161ico ugasnejo lu\u010di in izklopijo elektri\u010dne naprave, zaprejo plin in vodo. Hlajenje hrane in napitkov s teko\u010do vodo iz pipe ni dovoljeno. Prepovedano je metanje odpadkov v strani\u0161\u010dne \u0161koljke, umivalnike in podobno, kakor tudi ne zunaj mobilne hi\u0161ice ali v njeni bli\u017eini, razen v za to predvidene kontejnerje\/posode.<\/li>\n<li aria-level=\"1\">Prosimo goste, da skrbijo za namestitveno enoto in njeno pohi\u0161tvo, ki se nahaja znotraj in zunaj le-te. Pohi\u0161tva in ostalih predmetov ni dovoljeno premikati ali prenesti v drugo mobilno hi\u0161ico, na teraso ali pla\u017eo (npr. jedilnega pribora v drugo namestitveno enoto, brisa\u010d ali dek na pla\u017eo,\u2026) razen mize in stolov, ki se lahko nesejo na teraso.<\/li>\n<li aria-level=\"1\">Prosimo goste, da ne motijo miru ostalih gostov v naselju med 21:00 in 8:00 uro. Zapornica na vhodu v kamp je zaprta med 24:00 in 7:00 uro. Maksimalna dovoljena hitrost za vozila je 20 km na uro.<\/li>\n<li aria-level=\"1\">Gost, ki&nbsp; namenoma ali&nbsp; nehote po\u0161koduje&nbsp; premo\u017eenje,&nbsp; bo moral&nbsp; ponudniku poravnati celotno vsoto nastale \u0161kode. Zen Spot lahko od gosta zahteva polog var\u0161\u010dine za morebitne po\u0161kodbe do dneva njegovega odhoda. Var\u0161\u010dina bo gostu ob odhodu popolnoma povrnjena v primeru, da nastala po\u0161kodba mobilne hi\u0161ice ni povzro\u010dena z njegove strani oziroma, \u010de mobilno hi\u0161ico gost zapusti v enakem stanju kot ob prevzemu.<\/li>\n<li aria-level=\"1\">Na dan odhoda gostje morajo mobilno hi\u0161ico zapustiti najpozneje do 10:00 ure, da se le-ta lahko pripravi za naslednje goste, ki prihajajo ob 15:00 uri. Gostje so obvezni zapustiti mobilno hi\u0161ico v enakem stanju kot ob prevzemu, urejeno in nepo\u0161kodovano.<\/li>\n<li aria-level=\"1\">Hi\u0161ne ljubljen\u010dke so dovoljeni, vendar le \u010de je ponudnik vnaprej obve\u0161\u010den in da soglasje. Ponudnik lahko odpove rezervacijo, \u010de gost pridobi dovoljenja vnaprej. Lastnik mora s seboj prinesti lastno le\u017ei\u0161\u010de ali pregrinjalo za svojega hi\u0161nega ljubljen\u010dka in tako \u010duvati mobilno hi\u0161ko. Gostje so odgovorni za kakr\u0161nokoli \u0161kodo, ki jo naredijo hi\u0161ni ljubljen\u010dki in se obve\u017eejo odstraniti iztrebke znotraj mobilne hi\u0161ice, v njeni okolici ter tudi na pla\u017ei. V primeru, da je dogovorjeno, da bodo hi\u0161ni ljubljen\u010dki bivali zunaj mobilne hi\u0161ice, le-ti ne smejo vstopiti v mobilno hi\u0161ico.<\/li>\n<li aria-level=\"1\">Razumemo, da se ob uporabi \u017eara lahko zgodi, da ma\u0161\u010doba kljub previdnosti \u0161kropi naokoli. Zaradi tega vam prosimo, da \u017ear uporabljate le na za to dolo\u010denem mestu.<\/li>\n<li aria-level=\"1\">Zen Spot ali Kamp Jezera Lovi\u0161\u0107a lahko pred\u010dasno odpovesta rezervacijo, \u010de gost ne upo\u0161teva pravil hi\u0161nega reda ali zakonodaje Republike Hrva\u0161ke<strong>.<\/strong> V tem primeru bo gost pla\u010dal celotni znesek rezervacije ne glede na to, da bo bivanje skraj\u0161ano.<\/li>\n<li aria-level=\"1\">V ceno najema mobilne hi\u0161ke je vklju\u010deno parkirno mesto za 1 avtomobil. Avtomobil mora biti parkiran na parceli najete hi\u0161ke. \u010ce je avtomobil parkiran izven hi\u0161ki dodeljene parcele, kamp zara\u010duna 50 \u20ac na dan. Parkirno mesto za drug avtomobil je pla\u010dljivo po ceniku kampa. Pranje avtomobilov je prepovedano v celem kampu.<\/li>\n<li aria-level=\"1\">Ob prijavi na recepciji kampa gost prejme kartico za svoje vozilo, s katero vstopa in izstopa iz kampa. Predaja kartice za uporabo tretji osebi je strogo prepovedana.&nbsp;<\/li>\n<li aria-level=\"1\">V mobilni hi\u0161ki ali zunaj nje lahko stanujejo le osebe, ki so se prijavile na recepciji kampa. V kolikor Zen Spot ali kamp Jezera Lovi\u0161\u0107a pri preverjanju najde neprijavljene osebe mora najemnik mobilne hi\u0161ke pla\u010dati podjetju Zen Spot d.o.o. kazen v vi\u0161ini 500 \u20ac po osebi za neprijavljene osebo, hkrati pa se neprijavljena oseba odstrani iz kampa in Zen Spot lahko odpove rezervacijo brez povra\u010dila denarja.<\/li>\n<li aria-level=\"1\">V mobilnih hi\u0161kah ni dovoljeno organizirati dogodkov in prirejati zabav.<\/li>\n\n<li aria-level=\"1\">S pri\u010detkom uporabe namestitvene enote se \u0161teje, da je gost seznanjen s hi\u0161nim redom ter, da je soglasen z obvezami in pogoji. Vsak problem, ki se ne more re\u0161iti na miren na\u010din z Zen Spot ali s pristojnimi osebami v turisti\u010dnem naselju Jezera Lovi\u0161\u0107a, lahko vklju\u010di intervencijo policije ali sodi\u0161\u010da v Zadru. Prito\u017eba bo pravnomo\u010dna le, \u010de bo gost nemudoma po nastanku razloga za prito\u017ebo obvestil Zen Spot ali recepcijo Jezera Lovi\u0161\u0107a in v primeru, da prito\u017eba ni bila re\u0161ena v razumnem roku. \u010ce se vzrok prito\u017ebe ni odpravil na kraju samem, ima gost pravico do pisne prito\u017ebe, ki jo mora posredovati ponudniku&nbsp; v 15 dneh po kon\u010danem bivanju. Poznej\u0161e prito\u017ebe se ne upo\u0161tevajo.<\/li>\n<\/ul>\n<p>V primeru prito\u017ebe gost lahko kontaktira recepcijo Jezera Lovi\u0161\u0107a ali ponudnika na spodaj navedenem naslovu:<\/p>\n<p>Zen Spot d.o.o.<br>Savska cesta 84<br>10360 Sesvete (Grad Zagreb)<br>HRVATSKA<br>Tel. <a href=\"tel:0038640501574\">+386 (0) 40 501 574<\/a> (WhatsApp, Viber)<br><a href=\"mailto:info@zenspot.homes\">info@zenspot.homes<\/a><\/p>\n<p><em>Celotna ekipa Zen Spot vam \u017eeli prijetno bivanje v na\u0161ih mobilnih hi\u0161kah.<br><\/em><\/p>\n<div>&nbsp;<\/div>\n<div>&nbsp;<\/div>\t\t\t\t\t\t<\/div>\n\t\t\t\t<\/div>\n\t\t\t\t\t<\/div>\n\t\t<\/div>\n\t\t\t\t\t\t\t<\/div>\n\t\t<\/section>\n\t\t\t\t\t\t\t<\/div>\n\t\t","protected":false},"excerpt":{"rendered":"<p>Hi\u0161ni red Z namenom, da bi bilo va\u0161e bivanje v na\u0161ih Zen Spot mobilnih hi\u0161kah \u010dim bolj prijetno in, da se prepre\u010dijo morebitne nev\u0161e\u010dnosti oziroma zmote, prosimo, da preberete pravila hi\u0161nega reda. Ob potrditvi rezervacije se \u0161teje, da ste s temi pravili seznanjeni, da z njimi sogla\u0161ate in, da jih boste popolnoma upo\u0161tevali. Kr\u0161itev hi\u0161nega [&hellip;]<\/p>\n","protected":false},"author":1,"featured_media":0,"parent":0,"menu_order":0,"comment_status":"closed","ping_status":"closed","template":"elementor_header_footer","meta":{"footnotes":""},"yoast_head":"<!-- This site is optimized with the Yoast SEO plugin v21.7 - https:\/\/yoast.com\/wordpress\/plugins\/seo\/ -->\n<title>Hi\u0161ni red - Zen Spot Mobile Homes<\/title>\n<meta name=\"robots\" content=\"noindex, follow, max-snippet:-1, max-image-preview:large, max-video-preview:-1\" \/>\n<meta property=\"og:locale\" content=\"sl_SI\" \/>\n<meta property=\"og:type\" content=\"article\" \/>\n<meta property=\"og:title\" content=\"Hi\u0161ni red - Zen Spot Mobile Homes\" \/>\n<meta property=\"og:description\" content=\"Hi\u0161ni red Z namenom, da bi bilo va\u0161e bivanje v na\u0161ih Zen Spot mobilnih hi\u0161kah \u010dim bolj prijetno in, da se prepre\u010dijo morebitne nev\u0161e\u010dnosti oziroma zmote, prosimo, da preberete pravila hi\u0161nega reda. Ob potrditvi rezervacije se \u0161teje, da ste s temi pravili seznanjeni, da z njimi sogla\u0161ate in, da jih boste popolnoma upo\u0161tevali. Kr\u0161itev hi\u0161nega [&hellip;]\" \/>\n<meta property=\"og:url\" content=\"https:\/\/stage.zenspot.homes\/sl\/hisni-red\/\" \/>\n<meta property=\"og:site_name\" content=\"Zen Spot Mobile Homes\" \/>\n<meta property=\"article:modified_time\" content=\"2023-11-20T12:06:05+00:00\" \/>\n<meta name=\"twitter:card\" content=\"summary_large_image\" \/>\n<meta name=\"twitter:label1\" content=\"Est. reading time\" \/>\n\t<meta name=\"twitter:data1\" content=\"7 minut\" \/>\n<script type=\"application\/ld+json\" class=\"yoast-schema-graph\">{\"@context\":\"https:\/\/schema.org\",\"@graph\":[{\"@type\":\"WebPage\",\"@id\":\"https:\/\/stage.zenspot.homes\/sl\/hisni-red\/\",\"url\":\"https:\/\/stage.zenspot.homes\/sl\/hisni-red\/\",\"name\":\"Hi\u0161ni red - Zen Spot Mobile Homes\",\"isPartOf\":{\"@id\":\"https:\/\/stage.zenspot.homes\/sl\/#website\"},\"datePublished\":\"2022-04-07T18:30:05+00:00\",\"dateModified\":\"2023-11-20T12:06:05+00:00\",\"breadcrumb\":{\"@id\":\"https:\/\/stage.zenspot.homes\/sl\/hisni-red\/#breadcrumb\"},\"inLanguage\":\"sl-SI\",\"potentialAction\":[{\"@type\":\"ReadAction\",\"target\":[\"https:\/\/stage.zenspot.homes\/sl\/hisni-red\/\"]}]},{\"@type\":\"BreadcrumbList\",\"@id\":\"https:\/\/stage.zenspot.homes\/sl\/hisni-red\/#breadcrumb\",\"itemListElement\":[{\"@type\":\"ListItem\",\"position\":1,\"name\":\"Domov\",\"item\":\"https:\/\/stage.zenspot.homes\/sl\/\"},{\"@type\":\"ListItem\",\"position\":2,\"name\":\"Hi\u0161ni red\"}]},{\"@type\":\"WebSite\",\"@id\":\"https:\/\/stage.zenspot.homes\/sl\/#website\",\"url\":\"https:\/\/stage.zenspot.homes\/sl\/\",\"name\":\"Zen Spot Mobile Homes\",\"description\":\"Zen Spot Mobile Homes\",\"publisher\":{\"@id\":\"https:\/\/stage.zenspot.homes\/sl\/#organization\"},\"potentialAction\":[{\"@type\":\"SearchAction\",\"target\":{\"@type\":\"EntryPoint\",\"urlTemplate\":\"https:\/\/stage.zenspot.homes\/sl\/?s={search_term_string}\"},\"query-input\":\"required name=search_term_string\"}],\"inLanguage\":\"sl-SI\"},{\"@type\":\"Organization\",\"@id\":\"https:\/\/stage.zenspot.homes\/sl\/#organization\",\"name\":\"Zen Spot Mobile Homes\",\"url\":\"https:\/\/stage.zenspot.homes\/sl\/\",\"logo\":{\"@type\":\"ImageObject\",\"inLanguage\":\"sl-SI\",\"@id\":\"https:\/\/stage.zenspot.homes\/sl\/#\/schema\/logo\/image\/\",\"url\":\"https:\/\/stage.zenspot.homes\/wp-content\/uploads\/2022\/03\/ZEN-SPOT_sekundarni-logotip2.png\",\"contentUrl\":\"https:\/\/stage.zenspot.homes\/wp-content\/uploads\/2022\/03\/ZEN-SPOT_sekundarni-logotip2.png\",\"width\":350,\"height\":140,\"caption\":\"Zen Spot Mobile Homes\"},\"image\":{\"@id\":\"https:\/\/stage.zenspot.homes\/sl\/#\/schema\/logo\/image\/\"}}]}<\/script>\n<!-- \/ Yoast SEO plugin. -->","yoast_head_json":{"title":"Hi\u0161ni red - Zen Spot Mobile Homes","robots":{"index":"noindex","follow":"follow","max-snippet":"max-snippet:-1","max-image-preview":"max-image-preview:large","max-video-preview":"max-video-preview:-1"},"og_locale":"sl_SI","og_type":"article","og_title":"Hi\u0161ni red - Zen Spot Mobile Homes","og_description":"Hi\u0161ni red Z namenom, da bi bilo va\u0161e bivanje v na\u0161ih Zen Spot mobilnih hi\u0161kah \u010dim bolj prijetno in, da se prepre\u010dijo morebitne nev\u0161e\u010dnosti oziroma zmote, prosimo, da preberete pravila hi\u0161nega reda. Ob potrditvi rezervacije se \u0161teje, da ste s temi pravili seznanjeni, da z njimi sogla\u0161ate in, da jih boste popolnoma upo\u0161tevali. Kr\u0161itev hi\u0161nega [&hellip;]","og_url":"https:\/\/stage.zenspot.homes\/sl\/hisni-red\/","og_site_name":"Zen Spot Mobile Homes","article_modified_time":"2023-11-20T12:06:05+00:00","twitter_card":"summary_large_image","twitter_misc":{"Est. reading time":"7 minut"},"schema":{"@context":"https:\/\/schema.org","@graph":[{"@type":"WebPage","@id":"https:\/\/stage.zenspot.homes\/sl\/hisni-red\/","url":"https:\/\/stage.zenspot.homes\/sl\/hisni-red\/","name":"Hi\u0161ni red - Zen Spot Mobile Homes","isPartOf":{"@id":"https:\/\/stage.zenspot.homes\/sl\/#website"},"datePublished":"2022-04-07T18:30:05+00:00","dateModified":"2023-11-20T12:06:05+00:00","breadcrumb":{"@id":"https:\/\/stage.zenspot.homes\/sl\/hisni-red\/#breadcrumb"},"inLanguage":"sl-SI","potentialAction":[{"@type":"ReadAction","target":["https:\/\/stage.zenspot.homes\/sl\/hisni-red\/"]}]},{"@type":"BreadcrumbList","@id":"https:\/\/stage.zenspot.homes\/sl\/hisni-red\/#breadcrumb","itemListElement":[{"@type":"ListItem","position":1,"name":"Domov","item":"https:\/\/stage.zenspot.homes\/sl\/"},{"@type":"ListItem","position":2,"name":"Hi\u0161ni red"}]},{"@type":"WebSite","@id":"https:\/\/stage.zenspot.homes\/sl\/#website","url":"https:\/\/stage.zenspot.homes\/sl\/","name":"Zen Spot Mobile Homes","description":"Zen Spot Mobile Homes","publisher":{"@id":"https:\/\/stage.zenspot.homes\/sl\/#organization"},"potentialAction":[{"@type":"SearchAction","target":{"@type":"EntryPoint","urlTemplate":"https:\/\/stage.zenspot.homes\/sl\/?s={search_term_string}"},"query-input":"required name=search_term_string"}],"inLanguage":"sl-SI"},{"@type":"Organization","@id":"https:\/\/stage.zenspot.homes\/sl\/#organization","name":"Zen Spot Mobile Homes","url":"https:\/\/stage.zenspot.homes\/sl\/","logo":{"@type":"ImageObject","inLanguage":"sl-SI","@id":"https:\/\/stage.zenspot.homes\/sl\/#\/schema\/logo\/image\/","url":"https:\/\/stage.zenspot.homes\/wp-content\/uploads\/2022\/03\/ZEN-SPOT_sekundarni-logotip2.png","contentUrl":"https:\/\/stage.zenspot.homes\/wp-content\/uploads\/2022\/03\/ZEN-SPOT_sekundarni-logotip2.png","width":350,"height":140,"caption":"Zen Spot Mobile Homes"},"image":{"@id":"https:\/\/stage.zenspot.homes\/sl\/#\/schema\/logo\/image\/"}}]}},"_links":{"self":[{"href":"https:\/\/stage.zenspot.homes\/sl\/wp-json\/wp\/v2\/pages\/5215"}],"collection":[{"href":"https:\/\/stage.zenspot.homes\/sl\/wp-json\/wp\/v2\/pages"}],"about":[{"href":"https:\/\/stage.zenspot.homes\/sl\/wp-json\/wp\/v2\/types\/page"}],"author":[{"embeddable":true,"href":"https:\/\/stage.zenspot.homes\/sl\/wp-json\/wp\/v2\/users\/1"}],"replies":[{"embeddable":true,"href":"https:\/\/stage.zenspot.homes\/sl\/wp-json\/wp\/v2\/comments?post=5215"}],"version-history":[{"count":8,"href":"https:\/\/stage.zenspot.homes\/sl\/wp-json\/wp\/v2\/pages\/5215\/revisions"}],"predecessor-version":[{"id":9585,"href":"https:\/\/stage.zenspot.homes\/sl\/wp-json\/wp\/v2\/pages\/5215\/revisions\/9585"}],"wp:attachment":[{"href":"https:\/\/stage.zenspot.homes\/sl\/wp-json\/wp\/v2\/media?parent=5215"}],"curies":[{"name":"wp","href":"https:\/\/api.w.org\/{rel}","templated":true}]}}